{"id":1362,"date":"2017-01-05T17:33:59","date_gmt":"2017-01-05T16:33:59","guid":{"rendered":"https:\/\/www.huileriegid.fr\/produits\/"},"modified":"2025-02-24T16:03:22","modified_gmt":"2025-02-24T15:03:22","slug":"products","status":"publish","type":"page","link":"https:\/\/www.huileriegid.fr\/en\/products\/","title":{"rendered":"Products"},"content":{"rendered":"\n<style type=\"text\/css\" data-created_by=\"avia_inline_auto\" id=\"style-css-av-11dv8vm-7fd8a7aa9c5289623f5d8c702c14f2eb\">\n.avia-section.av-11dv8vm-7fd8a7aa9c5289623f5d8c702c14f2eb .av-parallax .av-parallax-inner{\nbackground-repeat:no-repeat;\nbackground-image:url(https:\/\/www.huileriegid.fr\/wp-content\/uploads\/2017\/01\/header-bouteilles-2.jpg);\nbackground-position:50% 0%;\nbackground-attachment:scroll;\n}\n.avia-section.av-11dv8vm-7fd8a7aa9c5289623f5d8c702c14f2eb .av-section-color-overlay{\nopacity:0.1;\nbackground-color:#000000;\n}\n<\/style>\n<div id='av_section_1'  class='avia-section av-11dv8vm-7fd8a7aa9c5289623f5d8c702c14f2eb main_color avia-section-large avia-no-shadow  avia-builder-el-0  el_before_av_section  avia-builder-el-first  avia-full-stretch av-parallax-section avia-bg-style-parallax av-section-color-overlay-active container_wrap sidebar_right'  data-section-bg-repeat='stretch'><div class='av-parallax' data-avia-parallax-ratio='0.3' ><div class='av-parallax-inner main_color avia-full-stretch'><\/div><\/div><div class=\"av-section-color-overlay-wrap\"><div class=\"av-section-color-overlay\"><\/div><div class='container av-section-cont-open' ><main  role=\"main\" itemprop=\"mainContentOfPage\"  class='template-page content  av-content-small alpha units'><div class='post-entry post-entry-type-page post-entry-1362'><div class='entry-content-wrapper clearfix'>\n\n<style type=\"text\/css\" data-created_by=\"avia_inline_auto\" id=\"style-css-av-z0bgyq-8651f1e90758a01dabd0ef607294f3af\">\n#top .av-special-heading.av-z0bgyq-8651f1e90758a01dabd0ef607294f3af{\npadding-bottom:0;\ncolor:#ffffff;\nfont-size:50px;\n}\nbody .av-special-heading.av-z0bgyq-8651f1e90758a01dabd0ef607294f3af .av-special-heading-tag .heading-char{\nfont-size:25px;\n}\n#top #wrap_all .av-special-heading.av-z0bgyq-8651f1e90758a01dabd0ef607294f3af .av-special-heading-tag{\nfont-size:50px;\n}\n.av-special-heading.av-z0bgyq-8651f1e90758a01dabd0ef607294f3af .special-heading-inner-border{\nborder-color:#ffffff;\n}\n.av-special-heading.av-z0bgyq-8651f1e90758a01dabd0ef607294f3af .av-subheading{\nfont-size:18px;\n}\n\n@media only screen and (min-width: 480px) and (max-width: 767px){ \n#top #wrap_all .av-special-heading.av-z0bgyq-8651f1e90758a01dabd0ef607294f3af .av-special-heading-tag{\nfont-size:0.8em;\n}\n}\n\n@media only screen and (max-width: 479px){ \n#top #wrap_all .av-special-heading.av-z0bgyq-8651f1e90758a01dabd0ef607294f3af .av-special-heading-tag{\nfont-size:0.8em;\n}\n}\n<\/style>\n<div  class='av-special-heading av-z0bgyq-8651f1e90758a01dabd0ef607294f3af av-special-heading-h3 custom-color-heading blockquote modern-quote modern-centered  avia-builder-el-1  el_before_av_hr  avia-builder-el-first  av-inherit-size'><h3 class='av-special-heading-tag '  itemprop=\"headline\"  >Our Products<\/h3><div class='av_custom_color av-subheading av-subheading_below'><p>More than 50 years expertise of oil blending<\/p>\n<\/div><div class=\"special-heading-border\"><div class=\"special-heading-inner-border\"><\/div><\/div><\/div>\n\n<style type=\"text\/css\" data-created_by=\"avia_inline_auto\" id=\"style-css-av-xnpn4y-033b86cfc08acd2251b06bee4b46388b\">\n#top .hr.av-xnpn4y-033b86cfc08acd2251b06bee4b46388b{\nmargin-top:30px;\nmargin-bottom:30px;\n}\n.hr.av-xnpn4y-033b86cfc08acd2251b06bee4b46388b .hr-inner{\nwidth:20%;\nborder-color:rgba(255,255,255,0.76);\nmax-width:45%;\n}\n.hr.av-xnpn4y-033b86cfc08acd2251b06bee4b46388b .av-seperator-icon{\ncolor:#ffffff;\n}\n.hr.av-xnpn4y-033b86cfc08acd2251b06bee4b46388b .av-seperator-icon.avia-svg-icon svg:first-child{\nfill:#ffffff;\nstroke:#ffffff;\n}\n<\/style>\n<div  class='hr av-xnpn4y-033b86cfc08acd2251b06bee4b46388b hr-custom  avia-builder-el-2  el_after_av_heading  avia-builder-el-last  hr-center hr-icon-yes'><span class='hr-inner inner-border-av-border-thin'><span class=\"hr-inner-style\"><\/span><\/span><span class='av-seperator-icon avia-iconfont avia-font-entypo-fontello' data-av_icon='\ue8bf' data-av_iconfont='entypo-fontello' ><\/span><span class='hr-inner inner-border-av-border-thin'><span class=\"hr-inner-style\"><\/span><\/span><\/div>\n\n<\/div><\/div><\/main><!-- close content main element --><\/div><\/div><\/div><div id='av_section_2'  class='avia-section av-36ojle-60c079d4011bcf38d4fdab665a0df2c5 main_color avia-section-default avia-no-border-styling  avia-builder-el-3  el_after_av_section  avia-builder-el-last  avia-bg-style-scroll container_wrap sidebar_right'  ><div class='container av-section-cont-open' ><div class='template-page content  av-content-small alpha units'><div class='post-entry post-entry-type-page post-entry-1362'><div class='entry-content-wrapper clearfix'>\n<div class='flex_column_table av-v2dy2a-e479dff631a5f907f1c9d88c91607fde sc-av_two_third av-equal-height-column-flextable'>\n<style type=\"text\/css\" data-created_by=\"avia_inline_auto\" id=\"style-css-av-v2dy2a-e479dff631a5f907f1c9d88c91607fde\">\n#top .flex_column_table.av-equal-height-column-flextable.av-v2dy2a-e479dff631a5f907f1c9d88c91607fde{\nmargin-top:-90px;\nmargin-bottom:0px;\n}\n.flex_column.av-v2dy2a-e479dff631a5f907f1c9d88c91607fde{\nborder-radius:0px 0px 0px 0px;\npadding:30px 30px 30px 30px;\nbackground-color:#ffffff;\n}\n<\/style>\n<div  class='flex_column av-v2dy2a-e479dff631a5f907f1c9d88c91607fde av_two_third  avia-builder-el-4  el_before_av_one_third  avia-builder-el-first  first no_margin flex_column_table_cell av-equal-height-column av-align-top  '     ><section  class='av_textblock_section av-2u3fv6-8b9c7f19a4dc61f718719d96d2d49b36 '   itemscope=\"itemscope\" itemtype=\"https:\/\/schema.org\/CreativeWork\" ><div class='avia_textblock'  itemprop=\"text\" ><h2>Huilerie GID products<\/h2>\n<\/div><\/section><br \/>\n\n<style type=\"text\/css\" data-created_by=\"avia_inline_auto\" id=\"style-css-av-r5b2k2-580c28d101bd5164a8a015adb871e4f2\">\n.avia-image-container.av-r5b2k2-580c28d101bd5164a8a015adb871e4f2 img.avia_image{\nbox-shadow:none;\n}\n.avia-image-container.av-r5b2k2-580c28d101bd5164a8a015adb871e4f2 .av-image-caption-overlay-center{\ncolor:#ffffff;\n}\n<\/style>\n<div  class='avia-image-container av-r5b2k2-580c28d101bd5164a8a015adb871e4f2 av-styling- avia_animated_image av-animated-when-visible-95 pop-up avia-align-center  avia-builder-el-6  el_after_av_textblock  el_before_av_textblock '   itemprop=\"image\" itemscope=\"itemscope\" itemtype=\"https:\/\/schema.org\/ImageObject\" ><div class=\"avia-image-container-inner\"><div class=\"avia-image-overlay-wrap\"><img decoding=\"async\" fetchpriority=\"high\" class='wp-image-2646 avia-img-lazy-loading-not-2646 avia_image ' src=\"https:\/\/www.huileriegid.fr\/wp-content\/uploads\/2025\/02\/slide-accueil-produits.jpg\" alt='' title='slide-accueil-produits'  height=\"630\" width=\"1500\"  itemprop=\"thumbnailUrl\" srcset=\"https:\/\/www.huileriegid.fr\/wp-content\/uploads\/2025\/02\/slide-accueil-produits.jpg 1500w, https:\/\/www.huileriegid.fr\/wp-content\/uploads\/2025\/02\/slide-accueil-produits-300x126.jpg 300w, https:\/\/www.huileriegid.fr\/wp-content\/uploads\/2025\/02\/slide-accueil-produits-1030x433.jpg 1030w, https:\/\/www.huileriegid.fr\/wp-content\/uploads\/2025\/02\/slide-accueil-produits-768x323.jpg 768w, https:\/\/www.huileriegid.fr\/wp-content\/uploads\/2025\/02\/slide-accueil-produits-705x296.jpg 705w, https:\/\/www.huileriegid.fr\/wp-content\/uploads\/2025\/02\/slide-accueil-produits-450x189.jpg 450w\" sizes=\"(max-width: 1500px) 100vw, 1500px\" \/><\/div><\/div><\/div><br \/>\n<section  class='av_textblock_section av-pxqs82-759b52689382a44a4ba486b4ab342ae9 '   itemscope=\"itemscope\" itemtype=\"https:\/\/schema.org\/CreativeWork\" ><div class='avia_textblock'  itemprop=\"text\" ><blockquote>\n<p>An expertise recognised for more than 50 years for frying, the subtlety of oils for seasoning and refinement with gastronomic oils.<\/p>\n<\/blockquote>\n<\/div><\/section><br \/>\n<div  class='av-catalogue-container av-om0gnm-34f857f187a746015ff20573fa735caa  avia-builder-el-8  el_after_av_textblock  el_before_av_hr '><ul class='av-catalogue-list'>\n<li><a href=\"https:\/\/www.huileriegid.fr\/en\/products\/blended-oils-for-frying\/\"  class='av-catalogue-item av-mt5i0i-e2898bd750001f4011e2bd1c240695a7' ><div class=\"av-catalogue-item-inner\"><div class=\"av-catalogue-title-container\"><div class='av-catalogue-title'>\u00bb Oil blends for frying<\/div><div class='av-catalogue-price'><\/div><\/div><div class=\"av-catalogue-content\">\nGidoleic, Cuisinor, GID Chef<br \/>\n<\/div><\/div><\/a><\/li>\n<li><a href=\"https:\/\/www.huileriegid.fr\/en\/products\/blended-oils-for-seasoning-cooking-and-roasting\/\"  class='av-catalogue-item av-l587z6-d4d370c8d14670aceaf0da8ea72af9c4' ><div class=\"av-catalogue-item-inner\"><div class=\"av-catalogue-title-container\"><div class='av-catalogue-title'>\u00bb Blended oils for seasoning, cooking and roasting<\/div><div class='av-catalogue-price'><\/div><\/div><div class=\"av-catalogue-content\">\nGidolive, Lipifluid Sp\u00e9cial Cuisson\u00ae, GID Colza &amp; Olive<br \/>\n<\/div><\/div><\/a><\/li>\n<li><a href=\"https:\/\/www.huileriegid.fr\/en\/products\/gastronomic-oils\/\"  class='av-catalogue-item av-jf3n02-f4156cc5bdb229f40c9139598e097417' ><div class=\"av-catalogue-item-inner\"><div class=\"av-catalogue-title-container\"><div class='av-catalogue-title'>\u00bb Gastronomic oils<\/div><div class='av-catalogue-price'><\/div><\/div><div class=\"av-catalogue-content\">\nWalnut, Hazelnut, Virgin Sesame, Roasted Sesame, Huile de P\u00e9pins de Raisin aromatis\u00e9e, saveur Truffe Noire, Huile de P\u00e9pins de Raisin aromatis\u00e9e, saveur Truffe Blanche, Pistachio nut, Marrow seeds, Avocado, organic Argan, Almond, Il Piccante, Infused with garlic, Infused with basil, Infused with thyme and rosemary, Organic virgin coconut<br \/>\n<\/div><\/div><\/a><\/li>\n<li><a href=\"https:\/\/www.huileriegid.fr\/en\/products\/organic-oils\/\"  class='av-catalogue-item av-i0gaki-f1e2d3d813fd47b0cdd3f50cb238045a' ><div class=\"av-catalogue-item-inner\"><div class=\"av-catalogue-title-container\"><div class='av-catalogue-title'>\u00bb Organic oils<\/div><div class='av-catalogue-price'><\/div><\/div><div class=\"av-catalogue-content\">\nExtra virgin olive, Deodorized sunflower, Virgin colza, Deodorised colza<br \/>\n<\/div><\/div><\/a><\/li>\n<li><a href=\"https:\/\/www.huileriegid.fr\/en\/products\/olive-oils\/\"  class='av-catalogue-item av-1ipz9e-f86c46ab6611bf571d5b192ef1c8e41f' ><div class=\"av-catalogue-item-inner\"><div class=\"av-catalogue-title-container\"><div class='av-catalogue-title'>\u00bb Olive oils<\/div><div class='av-catalogue-price'><\/div><\/div><div class=\"av-catalogue-content\">\nVirgin olive, Extra virgin, Virgin Grande S\u00e9lection, Olive pomace oil<br \/>\n<\/div><\/div><\/a><\/li>\n<li><a href=\"https:\/\/www.huileriegid.fr\/en\/products\/seed-and-fruit-oils\/\"  class='av-catalogue-item av-ep462q-612d67d69445fc2f2b0104cae2be9589' ><div class=\"av-catalogue-item-inner\"><div class=\"av-catalogue-title-container\"><div class='av-catalogue-title'>\u00bb Seed and Fruit oils<\/div><div class='av-catalogue-price'><\/div><\/div><div class=\"av-catalogue-content\">\nSunflower, Colza, Grape seed, Peanut, IP Soybeans<br \/>\n<\/div><\/div><\/a><\/li>\n<li><a href=\"https:\/\/www.huileriegid.fr\/en\/products\/sprays\/\"  class='av-catalogue-item av-d11yki-0a47ca6da68cf06234d10f58701d013b' ><div class=\"av-catalogue-item-inner\"><div class=\"av-catalogue-title-container\"><div class='av-catalogue-title'>\u00bb Sprays<\/div><div class='av-catalogue-price'><\/div><\/div><div class=\"av-catalogue-content\">\nGraiss&#8217;Vit, Givreur-Refroidisseur<br \/>\n<\/div><\/div><\/a><\/li>\n<li><a href=\"https:\/\/www.huileriegid.fr\/en\/products\/vinegars-and-creams\/\"  class='av-catalogue-item av-atxnzm-b886387d696b1e7d89767f6b483ef843' ><div class=\"av-catalogue-item-inner\"><div class=\"av-catalogue-title-container\"><div class='av-catalogue-title'>\u00bb Vinegars and Creams<\/div><div class='av-catalogue-price'><\/div><\/div><div class=\"av-catalogue-content\">\nBalsamic Vinegar from Modena, White condiment, Cream of Balsamic vinegar from Modena, Balsamic Vinegar from Modena PGI 8 years old Black, Balsamic Vinegar of Modena PGI 5 years old White, Balsamic Vinegar of Modena PGI 3 years old Bronze<br \/>\n<\/div><\/div><\/a><\/li>\n<li><a href=\"https:\/\/www.huileriegid.fr\/en\/products\/vinaigrette-sauces\/\"  class='av-catalogue-item av-8kxff6-6f0481172ed4838c1412384210a0bfee' ><div class=\"av-catalogue-item-inner\"><div class=\"av-catalogue-title-container\"><div class='av-catalogue-title'>\u00bb Soy Sauces<\/div><div class='av-catalogue-price'><\/div><\/div><div class=\"av-catalogue-content\">\nSweet Soy Sauce, Salt Soy Sauce<br \/>\n<\/div><\/div><\/a><\/li>\n<li><a href=\"https:\/\/www.huileriegid.fr\/en\/products\/vinaigrette-sauces\/\"  class='av-catalogue-item av-8kxff6-98467cd0d2a624c84c1be279b5c04b28' ><div class=\"av-catalogue-item-inner\"><div class=\"av-catalogue-title-container\"><div class='av-catalogue-title'>\u00bb Vinaigrette Sauces<\/div><div class='av-catalogue-price'><\/div><\/div><div class=\"av-catalogue-content\">\nVinaigre Balsamique, Echalote, Vinaigre de X\u00e9r\u00e8s, Ail et Basilic, Tomates s\u00e9ch\u00e9es<br \/>\n<\/div><\/div><\/a><\/li>\n<\/ul><\/div><br \/>\n\n<style type=\"text\/css\" data-created_by=\"avia_inline_auto\" id=\"style-css-av-ru9aq-a20558d8361f98dab2d5b4c931cf0d58\">\n#top .hr.av-ru9aq-a20558d8361f98dab2d5b4c931cf0d58{\nmargin-top:5px;\nmargin-bottom:5px;\n}\n.hr.av-ru9aq-a20558d8361f98dab2d5b4c931cf0d58 .hr-inner{\nwidth:45%;\nborder-color:#a8be01;\nmax-width:45%;\n}\n.hr.av-ru9aq-a20558d8361f98dab2d5b4c931cf0d58 .av-seperator-icon{\ncolor:#cd071e;\n}\n.hr.av-ru9aq-a20558d8361f98dab2d5b4c931cf0d58 .av-seperator-icon.avia-svg-icon svg:first-child{\nfill:#cd071e;\nstroke:#cd071e;\n}\n<\/style>\n<div  class='hr av-ru9aq-a20558d8361f98dab2d5b4c931cf0d58 hr-custom  avia-builder-el-9  el_after_av_catalogue  el_before_av_textblock  hr-center hr-icon-yes'><span class='hr-inner inner-border-av-border-thin'><span class=\"hr-inner-style\"><\/span><\/span><span class='av-seperator-icon avia-iconfont avia-font-entypo-fontello' data-av_icon='\ue8bf' data-av_iconfont='entypo-fontello' ><\/span><span class='hr-inner inner-border-av-border-thin'><span class=\"hr-inner-style\"><\/span><\/span><\/div><br \/>\n\n<style type=\"text\/css\" data-created_by=\"avia_inline_auto\" id=\"style-css-av-5ksw8y-7ce8099e4b8f9c87e94099f22a11e587\">\n#top .av_textblock_section.av-5ksw8y-7ce8099e4b8f9c87e94099f22a11e587 .avia_textblock{\nfont-size:18px;\n}\n<\/style>\n<section  class='av_textblock_section av-5ksw8y-7ce8099e4b8f9c87e94099f22a11e587 '   itemscope=\"itemscope\" itemtype=\"https:\/\/schema.org\/CreativeWork\" ><div class='avia_textblock'  itemprop=\"text\" ><p>Please <a href=\"https:\/\/www.huileriegid.fr\/location-contact\/\"><strong>contact us<\/strong><\/a> for any special request for oil blends adapted to your specific needs.\u00a0 L\u2019Huilerie GID is able to meet your demands.<\/p>\n<\/div><\/section><\/p><\/div>\n<style type=\"text\/css\" data-created_by=\"avia_inline_auto\" id=\"style-css-av-3uib82-7e24b1b080d75668811d95854097a521\">\n#top .flex_column_table.av-equal-height-column-flextable.av-3uib82-7e24b1b080d75668811d95854097a521{\nmargin-top:-90px;\nmargin-bottom:0px;\n}\n.flex_column.av-3uib82-7e24b1b080d75668811d95854097a521{\nborder-radius:0px 0px 0px 0px;\npadding:30px 30px 30px 30px;\nbackground-color:#f0f0f0;\n}\n<\/style>\n<div  class='flex_column av-3uib82-7e24b1b080d75668811d95854097a521 av_one_third  avia-builder-el-11  el_after_av_two_third  avia-builder-el-last  no_margin flex_column_table_cell av-equal-height-column av-align-top  '     ><div  class='avia-builder-widget-area clearfix  avia-builder-el-12  avia-builder-el-no-sibling '><section id=\"text-13\" class=\"widget clearfix widget_text\"><h3 class=\"widgettitle\">Huilerie GID<\/h3>\t\t\t<div class=\"textwidget\"><p>Adresse : 01 Lapouyade<br \/>\n33230 Saint-M\u00e9dard de Guizi\u00e8res<br \/>\nT\u00e9l\u00e9phone : <strong>05 57 69 62 31<\/strong><br \/>\nEmail : <a href=\"cuisinor@huileriegid.fr\"><strong>cuisinor@huileriegid.fr<\/strong><\/a><\/p>\n\n\t\t<style type=\"text\/css\">\n\t\t\t#gallery-1 {\n\t\t\t\tmargin: auto;\n\t\t\t}\n\t\t\t#gallery-1 .gallery-item {\n\t\t\t\tfloat: left;\n\t\t\t\tmargin-top: 10px;\n\t\t\t\ttext-align: center;\n\t\t\t\twidth: 16%;\n\t\t\t}\n\t\t\t#gallery-1 img {\n\t\t\t\tborder: 2px solid #cfcfcf;\n\t\t\t}\n\t\t\t#gallery-1 .gallery-caption {\n\t\t\t\tmargin-left: 0;\n\t\t\t}\n\t\t\t\/* see gallery_shortcode() in wp-includes\/media.php *\/\n\t\t<\/style>\n\t\t<div id='gallery-1' class='gallery galleryid-0 gallery-columns-6 gallery-size-thumbnail'><dl class='gallery-item'>\n\t\t\t<dt class='gallery-icon landscape'>\n\t\t\t\t<a href='https:\/\/www.huileriegid.fr\/wp-content\/uploads\/2017\/01\/widget-slider-02.jpg'><img loading=\"lazy\" decoding=\"async\" width=\"80\" height=\"80\" src=\"https:\/\/www.huileriegid.fr\/wp-content\/uploads\/2017\/01\/widget-slider-02-80x80.jpg\" class=\"attachment-thumbnail size-thumbnail\" alt=\"\" srcset=\"https:\/\/www.huileriegid.fr\/wp-content\/uploads\/2017\/01\/widget-slider-02-80x80.jpg 80w, https:\/\/www.huileriegid.fr\/wp-content\/uploads\/2017\/01\/widget-slider-02-36x36.jpg 36w, https:\/\/www.huileriegid.fr\/wp-content\/uploads\/2017\/01\/widget-slider-02-180x180.jpg 180w, https:\/\/www.huileriegid.fr\/wp-content\/uploads\/2017\/01\/widget-slider-02-120x120.jpg 120w, https:\/\/www.huileriegid.fr\/wp-content\/uploads\/2017\/01\/widget-slider-02.jpg 265w\" sizes=\"auto, (max-width: 80px) 100vw, 80px\" \/><\/a>\n\t\t\t<\/dt><\/dl><dl class='gallery-item'>\n\t\t\t<dt class='gallery-icon landscape'>\n\t\t\t\t<a href='https:\/\/www.huileriegid.fr\/wp-content\/uploads\/2017\/01\/widget-slider-04.jpg'><img loading=\"lazy\" decoding=\"async\" width=\"80\" height=\"80\" src=\"https:\/\/www.huileriegid.fr\/wp-content\/uploads\/2017\/01\/widget-slider-04-80x80.jpg\" class=\"attachment-thumbnail size-thumbnail\" alt=\"\" srcset=\"https:\/\/www.huileriegid.fr\/wp-content\/uploads\/2017\/01\/widget-slider-04-80x80.jpg 80w, https:\/\/www.huileriegid.fr\/wp-content\/uploads\/2017\/01\/widget-slider-04-36x36.jpg 36w, https:\/\/www.huileriegid.fr\/wp-content\/uploads\/2017\/01\/widget-slider-04-180x180.jpg 180w, https:\/\/www.huileriegid.fr\/wp-content\/uploads\/2017\/01\/widget-slider-04-120x120.jpg 120w, https:\/\/www.huileriegid.fr\/wp-content\/uploads\/2017\/01\/widget-slider-04.jpg 265w\" sizes=\"auto, (max-width: 80px) 100vw, 80px\" \/><\/a>\n\t\t\t<\/dt><\/dl><dl class='gallery-item'>\n\t\t\t<dt class='gallery-icon landscape'>\n\t\t\t\t<a href='https:\/\/www.huileriegid.fr\/wp-content\/uploads\/2017\/01\/widget-slider-05.jpg'><img loading=\"lazy\" decoding=\"async\" width=\"80\" height=\"80\" src=\"https:\/\/www.huileriegid.fr\/wp-content\/uploads\/2017\/01\/widget-slider-05-80x80.jpg\" class=\"attachment-thumbnail size-thumbnail\" alt=\"\" srcset=\"https:\/\/www.huileriegid.fr\/wp-content\/uploads\/2017\/01\/widget-slider-05-80x80.jpg 80w, https:\/\/www.huileriegid.fr\/wp-content\/uploads\/2017\/01\/widget-slider-05-36x36.jpg 36w, https:\/\/www.huileriegid.fr\/wp-content\/uploads\/2017\/01\/widget-slider-05-180x180.jpg 180w, https:\/\/www.huileriegid.fr\/wp-content\/uploads\/2017\/01\/widget-slider-05-120x120.jpg 120w, https:\/\/www.huileriegid.fr\/wp-content\/uploads\/2017\/01\/widget-slider-05.jpg 265w\" sizes=\"auto, (max-width: 80px) 100vw, 80px\" \/><\/a>\n\t\t\t<\/dt><\/dl>\n\t\t\t<br style='clear: both' \/>\n\t\t<\/div>\n\n<\/div>\n\t\t<span class=\"seperator extralight-border\"><\/span><\/section><section id=\"text-7\" class=\"widget clearfix widget_text\">\t\t\t<div class=\"textwidget\"><center><img decoding=\"async\" src=\"https:\/\/www.huileriegid.fr\/wp-content\/uploads\/2017\/01\/logo-cuisinor.png\"><\/center><\/div>\n\t\t<span class=\"seperator extralight-border\"><\/span><\/section><\/div><\/div><\/div><!--close column table wrapper. Autoclose: 1 --><\/div><\/div><\/div><!-- close content main div --><\/div><\/div><div id='after_section_2'  class='main_color av_default_container_wrap container_wrap sidebar_right'  ><div class='container av-section-cont-open' ><div class='template-page content  av-content-small alpha units'><div class='post-entry post-entry-type-page post-entry-1362'><div class='entry-content-wrapper clearfix'>\n","protected":false},"excerpt":{"rendered":"","protected":false},"author":3,"featured_media":0,"parent":0,"menu_order":0,"comment_status":"closed","ping_status":"closed","template":"","meta":{"footnotes":""},"class_list":["post-1362","page","type-page","status-publish","hentry"],"_links":{"self":[{"href":"https:\/\/www.huileriegid.fr\/en\/wp-json\/wp\/v2\/pages\/1362","targetHints":{"allow":["GET"]}}],"collection":[{"href":"https:\/\/www.huileriegid.fr\/en\/wp-json\/wp\/v2\/pages"}],"about":[{"href":"https:\/\/www.huileriegid.fr\/en\/wp-json\/wp\/v2\/types\/page"}],"author":[{"embeddable":true,"href":"https:\/\/www.huileriegid.fr\/en\/wp-json\/wp\/v2\/users\/3"}],"replies":[{"embeddable":true,"href":"https:\/\/www.huileriegid.fr\/en\/wp-json\/wp\/v2\/comments?post=1362"}],"version-history":[{"count":0,"href":"https:\/\/www.huileriegid.fr\/en\/wp-json\/wp\/v2\/pages\/1362\/revisions"}],"wp:attachment":[{"href":"https:\/\/www.huileriegid.fr\/en\/wp-json\/wp\/v2\/media?parent=1362"}],"curies":[{"name":"wp","href":"https:\/\/api.w.org\/{rel}","templated":true}]}}